{"id":6,"date":"2008-07-16T16:13:14","date_gmt":"2008-07-16T20:13:14","guid":{"rendered":"http:\/\/glia.ca\/conu\/digitalPoetics\/prehistoric-blog\/?page_id=2"},"modified":"2008-07-16T16:13:14","modified_gmt":"2008-07-16T20:13:14","slug":"about","status":"publish","type":"page","link":"https:\/\/glia.ca\/conu\/digitalPoetics\/prehistoric-blog\/about\/","title":{"rendered":"About"},"content":{"rendered":"<p>This website is an ongoing process of documenting the references discovered during a doctoral directed-research course at Concordia University into the evolution of digital poetry .<\/p>\n<p>A vast majority of the early references are indebted to the elegant and thorough scholarship of <a title=\"Funkhouser\" href=\"http:\/\/web.njit.edu\/~funkhous\/\"><strong>C.T. Funkhouser&#8217;s<\/strong><\/a> (2007) <a href=\"http:\/\/www.uapress.ua.edu\/NewSearch2.cfm?id=133757\"><em>Prehistoric Digital Poetry<\/em><\/a><\/p>\n<p><a href=\"http:\/\/francais.concordia.ca\/index.php?Itemid=160&amp;id=169&amp;option=com_content&amp;task=view\"><em> <\/em><\/a><\/p>\n<p>The website is being created by <strong>David Jhave Johnston of <a href=\"http:\/\/glia.ca\" target=\"_blank\" rel=\"noopener\">glia.ca<\/a><\/strong> a multimedia-poet and doctoral student at Concordia University. He has been involved in numerous collaborative and solo digital and in-situ art practises (working with among others: Teletaxi, Champ Libre, [SAT], Bioteknica, Turbulence.org, Ollivier Dyens, ActiveText, Symbiosis, Zoi\u2026). His work has been exhibited at 2 new media Biennales: Montreal \u201803 &amp; Toronto \u201804. His current home site is <a href=\"http:\/\/www.glia.ca\/\">www.glia.ca <\/a>. He curates<a href=\"http:\/\/www.year01.com\/\" target=\"_blank\" rel=\"noopener\"> www.year01.com<\/a><\/p>\n<p>The research is directed by <strong>Ollivier Dyens<\/strong>, poet and author of <a href=\"http:\/\/mitpress.mit.edu\/catalog\/item\/default.asp?ttype=2&amp;tid=8504\"><em>Metal and Flesh <\/em>(MIT, 2001) <\/a>and<em> <a href=\"http:\/\/www.amazon.fr\/condition-inhumaine-Essai-leffroi-technologique\/dp\/208121136X\/ref=pd_bbs_sr_1?ie=UTF8&amp;s=books&amp;qid=1201532638&amp;sr=8-1\">La condition inhumaine : Essai sur l&#8217;effroi technologique<\/a><\/em> (Flammarion, 2008). He is currently Dean of the D\u00e9partement d&#8217;\u00c9tudes Fran\u00e7aises at Concordia University.<\/p>\n<p><strong>Official Course Description<\/strong>:HUMA 859H New Media overview with an emphasis on digital poetry.<\/p>\n","protected":false},"excerpt":{"rendered":"<p>This website is an ongoing process of documenting the references discovered during a doctoral directed-research course at Concordia University into the evolution of digital poetry . A vast majority of the early references are indebted to the elegant and thorough scholarship of C.T. Funkhouser&#8217;s (2007) Prehistoric Digital Poetry The website is being created by David [&hellip;]<\/p>\n","protected":false},"author":2,"featured_media":0,"parent":0,"menu_order":0,"comment_status":"open","ping_status":"open","template":"","meta":{"footnotes":""},"class_list":["post-6","page","type-page","status-publish","hentry"],"_links":{"self":[{"href":"https:\/\/glia.ca\/conu\/digitalPoetics\/prehistoric-blog\/wp-json\/wp\/v2\/pages\/6","targetHints":{"allow":["GET"]}}],"collection":[{"href":"https:\/\/glia.ca\/conu\/digitalPoetics\/prehistoric-blog\/wp-json\/wp\/v2\/pages"}],"about":[{"href":"https:\/\/glia.ca\/conu\/digitalPoetics\/prehistoric-blog\/wp-json\/wp\/v2\/types\/page"}],"author":[{"embeddable":true,"href":"https:\/\/glia.ca\/conu\/digitalPoetics\/prehistoric-blog\/wp-json\/wp\/v2\/users\/2"}],"replies":[{"embeddable":true,"href":"https:\/\/glia.ca\/conu\/digitalPoetics\/prehistoric-blog\/wp-json\/wp\/v2\/comments?post=6"}],"version-history":[{"count":0,"href":"https:\/\/glia.ca\/conu\/digitalPoetics\/prehistoric-blog\/wp-json\/wp\/v2\/pages\/6\/revisions"}],"wp:attachment":[{"href":"https:\/\/glia.ca\/conu\/digitalPoetics\/prehistoric-blog\/wp-json\/wp\/v2\/media?parent=6"}],"curies":[{"name":"wp","href":"https:\/\/api.w.org\/{rel}","templated":true}]}}